{"id":104977,"date":"2025-06-25T15:37:00","date_gmt":"2025-06-25T15:37:00","guid":{"rendered":"https:\/\/dekaufmann.de\/?post_type=product&#038;p=104977"},"modified":"2026-03-18T09:40:29","modified_gmt":"2026-03-18T09:40:29","slug":"panini-sammeldose-gross-2025-top-class-48-karten","status":"publish","type":"product","link":"https:\/\/dekaufmann.de\/?product=panini-sammeldose-gross-2025-top-class-48-karten","title":{"rendered":"Panini Sammeldose Gro\u00df 2025 Top Class 48 Karten"},"content":{"rendered":"<h4><strong>Panini Sammeldose 2025 Top Class \u2013 48 Karten inkl. 2 Unbeatable Parallels &amp; 2 Holo Giants! \ud83c\udfc6\u2728\ud83d\udce6<\/strong><\/h4>\n<p>Mit der Panini Top Class 2025 Sammeldose bekommst du geballten Sammelspa\u00df in hochwertiger Verpackung! Enthalten sind 48 exklusive Sammelkarten mit den gr\u00f6\u00dften Stars des internationalen Fu\u00dfballs \u2013 darunter 2 Unbeatable Parallel Cards und 2 Holo Giants mit spektakul\u00e4rem Glanzeffekt.<\/p>\n<h5><strong>Produktdetails:<\/strong><\/h5>\n<ul>\n<li><strong>Inhalt:<\/strong> 48 Panini Top Class 2025 Karten in einer stabilen Sammeldose \ud83d\udce6<\/li>\n<li><strong>Exklusive Karten:<\/strong> 2 Unbeatable Parallels &amp; 2 Holo Giants \u2728<\/li>\n<li><strong>Design:<\/strong> Aktuelle Top-Stars &amp; Clublegenden in Premium-Optik \u26bd<\/li>\n<li><strong>Ideal f\u00fcr:<\/strong> Sammler, Fu\u00dfballfans &amp; Trading Card Begeisterte \ud83c\udfaf<\/li>\n<\/ul>\n<h6><strong>Warum die Panini Top Class 2025 Sammeldose?<\/strong><\/h6>\n<ul>\n<li><strong>Limitierte Extras:<\/strong> Unbeatable Parallels &amp; Holo Giants f\u00fcr dein Highlight-Deck \u2b50<\/li>\n<li><strong>Sicher &amp; edel verpackt:<\/strong> Perfekt zum Aufbewahren oder Verschenken \ud83c\udf81<\/li>\n<li><strong>Panini-Qualit\u00e4t:<\/strong> Offizielles Produkt mit hochwertigem Druck &amp; Glanz \u2728<\/li>\n<\/ul>\n<p>Mit der Panini Sammeldose 2025 Top Class sicherst du dir Top-Karten in einem praktischen Sammlerformat \u2013 kompakt, exklusiv und vollgepackt mit Fu\u00dfballpower.<br \/>\nJetzt sichern und dein Set mit echten Highlights erg\u00e4nzen! \ud83c\udfc6\ud83d\udce6\u2728<\/p>\n","protected":false},"excerpt":{"rendered":"<p>Panini Sammeldose 2025 Top Class \u2013 48 Karten inkl. 2 Unbeatable Parallels &amp; 2 Holo Giants! \ud83c\udfc6\u2728\ud83d\udce6 Mit der Panini Top Class 2025 Sammeldose bekommst du geballten Sammelspa\u00df in hochwertiger Verpackung! Enthalten sind 48 exklusive Sammelkarten mit den gr\u00f6\u00dften Stars des internationalen Fu\u00dfballs \u2013 darunter 2 Unbeatable Parallel Cards und 2 Holo Giants mit spektakul\u00e4rem [&hellip;]<\/p>\n","protected":false},"featured_media":107746,"comment_status":"closed","ping_status":"closed","template":"","meta":[],"product_brand":[212],"product_cat":[213],"product_tag":[],"class_list":{"0":"post-104977","1":"product","2":"type-product","3":"status-publish","4":"has-post-thumbnail","6":"product_brand-panini","7":"product_cat-zubehoer-und-spielzeuge","8":"product_shipping_class-reduced-rate","10":"first","11":"instock","12":"taxable","13":"shipping-taxable","14":"product-type-simple"},"_links":{"self":[{"href":"https:\/\/dekaufmann.de\/index.php?rest_route=\/wp\/v2\/product\/104977","targetHints":{"allow":["GET"]}}],"collection":[{"href":"https:\/\/dekaufmann.de\/index.php?rest_route=\/wp\/v2\/product"}],"about":[{"href":"https:\/\/dekaufmann.de\/index.php?rest_route=\/wp\/v2\/types\/product"}],"replies":[{"embeddable":true,"href":"https:\/\/dekaufmann.de\/index.php?rest_route=%2Fwp%2Fv2%2Fcomments&post=104977"}],"wp:featuredmedia":[{"embeddable":true,"href":"https:\/\/dekaufmann.de\/index.php?rest_route=\/wp\/v2\/media\/107746"}],"wp:attachment":[{"href":"https:\/\/dekaufmann.de\/index.php?rest_route=%2Fwp%2Fv2%2Fmedia&parent=104977"}],"wp:term":[{"taxonomy":"product_brand","embeddable":true,"href":"https:\/\/dekaufmann.de\/index.php?rest_route=%2Fwp%2Fv2%2Fproduct_brand&post=104977"},{"taxonomy":"product_cat","embeddable":true,"href":"https:\/\/dekaufmann.de\/index.php?rest_route=%2Fwp%2Fv2%2Fproduct_cat&post=104977"},{"taxonomy":"product_tag","embeddable":true,"href":"https:\/\/dekaufmann.de\/index.php?rest_route=%2Fwp%2Fv2%2Fproduct_tag&post=104977"}],"curies":[{"name":"wp","href":"https:\/\/api.w.org\/{rel}","templated":true}]}}