{"id":104959,"date":"2025-06-25T14:18:35","date_gmt":"2025-06-25T14:18:35","guid":{"rendered":"https:\/\/dekaufmann.de\/?post_type=product&#038;p=104959"},"modified":"2026-03-18T09:43:05","modified_gmt":"2026-03-18T09:43:05","slug":"panini-fussballkarten-klub-wm-8x5-sticker","status":"publish","type":"product","link":"https:\/\/dekaufmann.de\/?product=panini-fussballkarten-klub-wm-8x5-sticker","title":{"rendered":"Panini Fussballkarten Klub WM 2025 8&#215;5 Sticker"},"content":{"rendered":"<h4><strong>Panini Fu\u00dfballkarten Klub WM 8&#215;5 Sticker \u2013 Sammelspa\u00df zur FIFA Klub-Weltmeisterschaft! \u26bd\ud83c\udf0d\ud83d\udcc4<\/strong><\/h4>\n<p>Die Panini Klub WM Stickerpacks bieten dir echten Sammelspa\u00df mit den besten internationalen Vereinen der FIFA Klub-Weltmeisterschaft! In jeder Packung findest du 5 hochwertige Sticker \u2013 dieses Set enth\u00e4lt insgesamt 8 T\u00fcten f\u00fcr Fans, Sammler und Fu\u00dfballbegeisterte jeden Alters.<\/p>\n<h5><strong>Produktdetails:<\/strong><\/h5>\n<ul>\n<li><strong>Inhalt:<\/strong> 8 T\u00fcten mit jeweils 5 Stickern \ud83d\udce6<\/li>\n<li><strong>Thema:<\/strong> Offizielle FIFA Klub-Weltmeisterschaft \ud83c\udf0d\ud83c\udfc6<\/li>\n<li><strong>Highlights:<\/strong> Club-Logos, Spielerportr\u00e4ts, Spezialsticker \u2728<\/li>\n<li><strong>Ideal f\u00fcr:<\/strong> Sammler, Kinder, Fu\u00dfballfans &amp; Stickerfreunde \ud83c\udfaf<\/li>\n<\/ul>\n<h6><strong>Warum Panini Klub WM Sticker?<\/strong><\/h6>\n<ul>\n<li><strong>Offiziell &amp; lizenziert:<\/strong> Authentische Motive der FIFA Klub-WM \u2705<\/li>\n<li><strong>Schneller Einstieg:<\/strong> Perfekt zum Erg\u00e4nzen oder Starten deines Albums \ud83d\udcd8<\/li>\n<li><strong>Vielseitig &amp; unterhaltsam:<\/strong> Sammeln, tauschen, kleben \u2013 so macht Fu\u00dfball Spa\u00df! \u26bd<\/li>\n<\/ul>\n<p>Mit Panini Fu\u00dfballkarten Klub WM 8&#215;5 Sticker holst du dir die Welt des internationalen Clubfu\u00dfballs ins Album \u2013 perfekt f\u00fcr Gro\u00df &amp; Klein!<br \/>\nJetzt bestellen und deine Sammlung starten! \ud83d\udcc4\u26bd\ud83c\udf0d<\/p>\n","protected":false},"excerpt":{"rendered":"<p>Panini Fu\u00dfballkarten Klub WM 8&#215;5 Sticker \u2013 Sammelspa\u00df zur FIFA Klub-Weltmeisterschaft! \u26bd\ud83c\udf0d\ud83d\udcc4 Die Panini Klub WM Stickerpacks bieten dir echten Sammelspa\u00df mit den besten internationalen Vereinen der FIFA Klub-Weltmeisterschaft! In jeder Packung findest du 5 hochwertige Sticker \u2013 dieses Set enth\u00e4lt insgesamt 8 T\u00fcten f\u00fcr Fans, Sammler und Fu\u00dfballbegeisterte jeden Alters. Produktdetails: Inhalt: 8 T\u00fcten [&hellip;]<\/p>\n","protected":false},"featured_media":107741,"comment_status":"closed","ping_status":"closed","template":"","meta":[],"product_brand":[212],"product_cat":[213],"product_tag":[],"class_list":{"0":"post-104959","1":"product","2":"type-product","3":"status-publish","4":"has-post-thumbnail","6":"product_brand-panini","7":"product_cat-zubehoer-und-spielzeuge","8":"product_shipping_class-reduced-rate","10":"first","11":"instock","12":"taxable","13":"shipping-taxable","14":"product-type-simple"},"_links":{"self":[{"href":"https:\/\/dekaufmann.de\/index.php?rest_route=\/wp\/v2\/product\/104959","targetHints":{"allow":["GET"]}}],"collection":[{"href":"https:\/\/dekaufmann.de\/index.php?rest_route=\/wp\/v2\/product"}],"about":[{"href":"https:\/\/dekaufmann.de\/index.php?rest_route=\/wp\/v2\/types\/product"}],"replies":[{"embeddable":true,"href":"https:\/\/dekaufmann.de\/index.php?rest_route=%2Fwp%2Fv2%2Fcomments&post=104959"}],"wp:featuredmedia":[{"embeddable":true,"href":"https:\/\/dekaufmann.de\/index.php?rest_route=\/wp\/v2\/media\/107741"}],"wp:attachment":[{"href":"https:\/\/dekaufmann.de\/index.php?rest_route=%2Fwp%2Fv2%2Fmedia&parent=104959"}],"wp:term":[{"taxonomy":"product_brand","embeddable":true,"href":"https:\/\/dekaufmann.de\/index.php?rest_route=%2Fwp%2Fv2%2Fproduct_brand&post=104959"},{"taxonomy":"product_cat","embeddable":true,"href":"https:\/\/dekaufmann.de\/index.php?rest_route=%2Fwp%2Fv2%2Fproduct_cat&post=104959"},{"taxonomy":"product_tag","embeddable":true,"href":"https:\/\/dekaufmann.de\/index.php?rest_route=%2Fwp%2Fv2%2Fproduct_tag&post=104959"}],"curies":[{"name":"wp","href":"https:\/\/api.w.org\/{rel}","templated":true}]}}