{"id":101813,"date":"2025-03-22T11:44:56","date_gmt":"2025-03-22T11:44:56","guid":{"rendered":"https:\/\/dekaufmann.de\/?post_type=product&#038;p=101813"},"modified":"2026-04-02T15:14:47","modified_gmt":"2026-04-02T15:14:47","slug":"al-fakher-liquid-blueberry-gum","status":"publish","type":"product","link":"https:\/\/dekaufmann.de\/?product=al-fakher-liquid-blueberry-gum","title":{"rendered":"Al Fakher Liquid Blueberry Gum 5x10ml"},"content":{"rendered":"<h4><strong>Al Fakher Liquid Blueberry Gum 5x10ml \u2013 S\u00fc\u00df-fruchtiger Kaugummi-Genuss mit Blaubeere! \ud83e\uded0\ud83c\udf6c\ud83d\udca8\u2728<\/strong><\/h4>\n<p>Das Al Fakher Liquid Blueberry Gum bringt dir den beliebten Geschmack von fruchtigem Blaubeerkaugummi direkt in deinen Vape. Diese perfekte Kombination aus s\u00fc\u00dfer Blaubeere und klassischem Kaugummiaroma sorgt f\u00fcr ein verspieltes, angenehm s\u00fc\u00dfes Dampferlebnis mit hohem Wiedererkennungswert.<\/p>\n<h5><strong>Produktdetails:<\/strong><\/h5>\n<ul>\n<li><strong>Inhalt:<\/strong> 5 Flaschen \u00e0 10 ml \ud83d\udce6<\/li>\n<li><strong>Geschmack:<\/strong> Fruchtige Blaubeere mit s\u00fc\u00dfem Kaugummi-Aroma \ud83e\uded0\ud83c\udf6c<\/li>\n<li><strong>Nikotingehalt:<\/strong> Je nach Variante w\u00e4hlbar \ud83c\udf1f<\/li>\n<li><strong>Ideal f\u00fcr:<\/strong> Dampfer, die verspielte, fruchtig-s\u00fc\u00dfe Aromen lieben \ud83c\udfaf<\/li>\n<\/ul>\n<h6><strong>Warum Al Fakher Blueberry Gum?<\/strong><\/h6>\n<ul>\n<li><strong>Klassischer Kaugummi-Twist:<\/strong> Der Geschmack von Blaubeer-Kaugummi f\u00fcr nostalgisches Dampfvergn\u00fcgen \ud83c\udf6c<\/li>\n<li><strong>Al Fakher Qualit\u00e4t:<\/strong> Bekannt aus dem Shisha-Bereich \u2013 jetzt als Liquid \ud83d\udca8<\/li>\n<li><strong>S\u00fc\u00df und aromatisch:<\/strong> Ein verspielter Geschmack, der lange anh\u00e4lt \ud83c\udfaf<\/li>\n<\/ul>\n<p>Mit dem Al Fakher Liquid Blueberry Gum erlebst du ein fruchtig-s\u00fc\u00dfes Dampferlebnis wie beim Kauen deines Lieblingskaugummis.<br \/>\nJetzt probieren und den verspielten Blueberry-Twist genie\u00dfen! \ud83e\uded0\ud83c\udf6c\ud83d\udca8\u2728<\/p>\n<p>Alle Sorten:<br \/>\n1. <a href=\"https:\/\/dekaufmann.de\/produkt\/al-fakher-liquid-watermelon-pineapple-5x10ml\/\">Watermelon Pineapple<\/a><br \/>\n2. <a href=\"https:\/\/dekaufmann.de\/produkt\/al-fakher-liquid-watermelon-lime-10x10ml\/\">Watermelon Lime<\/a><br \/>\n3. <a href=\"https:\/\/dekaufmann.de\/produkt\/al-fakher-liquid-two-apple-10x10ml\/\">Two Apple<\/a><br \/>\n4. <a href=\"https:\/\/dekaufmann.de\/produkt\/al-fakher-liquid-strawberry-punhc-10x10ml\/\">Strawberry Punch<\/a><br \/>\n5. <a href=\"https:\/\/dekaufmann.de\/produkt\/al-fakher-liquid-spearmint-10x10ml\/\">Spearmint<\/a><br \/>\n6. <a href=\"https:\/\/dekaufmann.de\/produkt\/al-fakher-liquid-space-dream-10x10ml\/\">Space Dream<\/a><br \/>\n7. <a href=\"https:\/\/dekaufmann.de\/produkt\/al-fakher-liquid-pineapple-ice-10x10ml\/\">Pineapple Ice<\/a><br \/>\n8. <a href=\"https:\/\/dekaufmann.de\/produkt\/al-fakher-liquid-peach-ice-10x10ml\/\">Peach Ice<\/a><br \/>\n9. <a href=\"https:\/\/dekaufmann.de\/produkt\/al-fakher-liquid-orange-mint-10x10ml\/\">Orange Mint<\/a><br \/>\n10. <a href=\"https:\/\/dekaufmann.de\/produkt\/al-fakher-liquid-mixed-berry-10x10ml\/\">Mixed Berry<\/a><br \/>\n11. <a href=\"https:\/\/dekaufmann.de\/produkt\/al-fakher-liquid-menthol-10x10ml\/\">Menthol<\/a><br \/>\n12. <a href=\"https:\/\/dekaufmann.de\/produkt\/al-fakher-liquid-mango-pineapple-10x10ml\/\">Mango Pineapple<\/a><br \/>\n13. <a href=\"https:\/\/dekaufmann.de\/produkt\/al-fakher-liquid-magic-love-10x10ml\/\">Magic Love<\/a><br \/>\n14. <a href=\"https:\/\/dekaufmann.de\/produkt\/al-fakher-liquid-lush-ice-10x10ml\/\">Lush Ice<\/a><br \/>\n15. <a href=\"https:\/\/dekaufmann.de\/produkt\/al-fakher-liquid-lemon-mint-10x10ml\/\">Lemon Mint<\/a><br \/>\n16. <a href=\"https:\/\/dekaufmann.de\/produkt\/al-fakher-liquid-lemon-lime-10x10ml\/\">Lemon Lime<\/a><br \/>\n17. <a href=\"https:\/\/dekaufmann.de\/produkt\/al-fakher-liquid-hubba-10x10ml\/\">Hubba<\/a><br \/>\n18. <a href=\"https:\/\/dekaufmann.de\/produkt\/al-fakher-liquid-gum-mint-10x10ml\/\">Gum Mint<\/a><br \/>\n19. <a href=\"https:\/\/dekaufmann.de\/produkt\/al-fakher-liquid-grape-mint-10x10ml\/\">Grape Mint<\/a><br \/>\n20. <a href=\"https:\/\/dekaufmann.de\/produkt\/al-fakher-liquid-cool-mango-10x10ml\/\">Cool Mango<\/a><br \/>\n21. <a href=\"https:\/\/dekaufmann.de\/produkt\/al-fakher-liquid-cherry-ice-10x10ml\/\">Cherry Ice<\/a><br \/>\n22. <a href=\"https:\/\/dekaufmann.de\/produkt\/al-fakher-liquid-cherry-fizz-10x10ml\/\">Cherry Fizz<\/a><br \/>\n23. <a href=\"https:\/\/dekaufmann.de\/produkt\/al-fakher-liquid-cherry-fiesta-10x10ml\/\">Cherry Fiesta<\/a><br \/>\n24. <a href=\"https:\/\/dekaufmann.de\/produkt\/al-fakher-liquid-blueberry-raspberry-10x10ml\/\">Blueberry Raspberry<\/a><br \/>\n25. <a href=\"https:\/\/dekaufmann.de\/produkt\/al-fakher-liquid-blueberry-sour-raspberry\/\">Blueberry Sour Raspberry<\/a><br \/>\n26. <a href=\"https:\/\/dekaufmann.de\/produkt\/al-fakher-liquid-blueberry-gum-10x10ml\/\">Blueberry Gum<\/a><br \/>\n27. <a href=\"https:\/\/dekaufmann.de\/produkt\/al-fakher-liquid-blue-razz-lemonade-10x10ml\/\">Blue Razz Lemonade<\/a><br \/>\n28. <a href=\"https:\/\/dekaufmann.de\/produkt\/al-fakher-liquid-blackcurrant-mint-10x10ml\/\">Blackcurrant Mint<\/a><br \/>\n29. <a href=\"https:\/\/dekaufmann.de\/produkt\/al-fakher-liquid-blackcurrant-ice-10x10ml\/\">Blackcurrant Ice<\/a><br \/>\n30. <a href=\"https:\/\/dekaufmann.de\/produkt\/al-fakher-liquid-berry-ice-10x10ml\/\">Berry Ice<\/a><br \/>\n31. <a href=\"https:\/\/dekaufmann.de\/produkt\/al-fakher-liquid-berry-blue-10x10m\/\">Berry Blue<\/a><\/p>\n","protected":false},"excerpt":{"rendered":"<p>Al Fakher Liquid Blueberry Gum 5x10ml \u2013 S\u00fc\u00df-fruchtiger Kaugummi-Genuss mit Blaubeere! \ud83e\uded0\ud83c\udf6c\ud83d\udca8\u2728 Das Al Fakher Liquid Blueberry Gum bringt dir den beliebten Geschmack von fruchtigem Blaubeerkaugummi direkt in deinen Vape. Diese perfekte Kombination aus s\u00fc\u00dfer Blaubeere und klassischem Kaugummiaroma sorgt f\u00fcr ein verspieltes, angenehm s\u00fc\u00dfes Dampferlebnis mit hohem Wiedererkennungswert. Produktdetails: Inhalt: 5 Flaschen \u00e0 10 [&hellip;]<\/p>\n","protected":false},"featured_media":107458,"comment_status":"closed","ping_status":"closed","template":"","meta":[],"product_brand":[151],"product_cat":[156],"product_tag":[],"class_list":{"0":"post-101813","1":"product","2":"type-product","3":"status-publish","4":"has-post-thumbnail","6":"product_brand-al-fakher","7":"product_cat-liquid","8":"product_shipping_class-reduced-rate","10":"first","11":"outofstock","12":"taxable","13":"shipping-taxable","14":"product-type-simple"},"_links":{"self":[{"href":"https:\/\/dekaufmann.de\/index.php?rest_route=\/wp\/v2\/product\/101813","targetHints":{"allow":["GET"]}}],"collection":[{"href":"https:\/\/dekaufmann.de\/index.php?rest_route=\/wp\/v2\/product"}],"about":[{"href":"https:\/\/dekaufmann.de\/index.php?rest_route=\/wp\/v2\/types\/product"}],"replies":[{"embeddable":true,"href":"https:\/\/dekaufmann.de\/index.php?rest_route=%2Fwp%2Fv2%2Fcomments&post=101813"}],"wp:featuredmedia":[{"embeddable":true,"href":"https:\/\/dekaufmann.de\/index.php?rest_route=\/wp\/v2\/media\/107458"}],"wp:attachment":[{"href":"https:\/\/dekaufmann.de\/index.php?rest_route=%2Fwp%2Fv2%2Fmedia&parent=101813"}],"wp:term":[{"taxonomy":"product_brand","embeddable":true,"href":"https:\/\/dekaufmann.de\/index.php?rest_route=%2Fwp%2Fv2%2Fproduct_brand&post=101813"},{"taxonomy":"product_cat","embeddable":true,"href":"https:\/\/dekaufmann.de\/index.php?rest_route=%2Fwp%2Fv2%2Fproduct_cat&post=101813"},{"taxonomy":"product_tag","embeddable":true,"href":"https:\/\/dekaufmann.de\/index.php?rest_route=%2Fwp%2Fv2%2Fproduct_tag&post=101813"}],"curies":[{"name":"wp","href":"https:\/\/api.w.org\/{rel}","templated":true}]}}