{"id":108193,"date":"2025-12-01T15:06:44","date_gmt":"2025-12-01T15:06:44","guid":{"rendered":"https:\/\/dekaufmann.de\/?page_id=108193"},"modified":"2025-12-16T17:42:22","modified_gmt":"2025-12-16T17:42:22","slug":"treuepunke","status":"publish","type":"page","link":"https:\/\/dekaufmann.de\/?page_id=108193","title":{"rendered":"Treuepunke"},"content":{"rendered":"<section>\n<p data-start=\"77\" data-end=\"101\"><strong data-start=\"77\" data-end=\"101\">Bonuspunkte-Programm<\/strong><\/p>\n<p data-start=\"103\" data-end=\"173\">F\u00fcr jeden Einkauf in unserem Shop sammelst Du automatisch Treuepunkte:<\/p>\n<p data-start=\"175\" data-end=\"255\">Pro ausgegebenem 1 \u20ac (Bruttobestellwert) erh\u00e4ltst Du 1 Treuepunkt gutgeschrieben.<\/p>\n<p data-start=\"257\" data-end=\"475\">Die Punkte werden Dir innerhalb von zwei Tagen nach Abschluss Deiner Bestellung auf Deinem Kundenkonto gutgeschrieben.<br data-start=\"375\" data-end=\"378\" \/>Unter <a href=\"https:\/\/dekaufmann.de\/mein-konto\/points\/\"><em data-start=\"384\" data-end=\"396\">Mein Konto<\/em><\/a> kannst Du jederzeit einsehen, wie viele Treuepunkte Du bereits gesammelt hast.<\/p>\n<hr data-start=\"477\" data-end=\"480\" \/>\n<p data-start=\"482\" data-end=\"506\"><strong data-start=\"482\" data-end=\"506\">Bonuspunkte einl\u00f6sen<\/strong><\/p>\n<ol data-start=\"508\" data-end=\"633\">\n<li data-start=\"508\" data-end=\"560\">\n<p data-start=\"511\" data-end=\"560\">Lege die gew\u00fcnschten Produkte in den Warenkorb.<\/p>\n<\/li>\n<li data-start=\"561\" data-end=\"633\">\n<p data-start=\"564\" data-end=\"633\">W\u00e4hle aus, wie viel Guthaben Deiner Treuepunkte Du einl\u00f6sen m\u00f6chtest.<\/p>\n<\/li>\n<\/ol>\n<p data-start=\"635\" data-end=\"688\">Zack! Du hast gespart \u2013 und das nur durchs Bestellen!<\/p>\n<p data-start=\"690\" data-end=\"740\" data-is-last-node=\"\" data-is-only-node=\"\">Wir w\u00fcnschen Dir viel Freude mit Deiner Pr\u00e4mie! \ud83c\udf81<\/p>\n<\/section>\n","protected":false},"excerpt":{"rendered":"<p>Bonuspunkte-Programm F\u00fcr jeden Einkauf in unserem Shop sammelst Du automatisch Treuepunkte: Pro ausgegebenem 1 \u20ac (Bruttobestellwert) erh\u00e4ltst Du 1 Treuepunkt gutgeschrieben. Die Punkte werden Dir innerhalb von zwei Tagen nach Abschluss Deiner Bestellung auf Deinem Kundenkonto gutgeschrieben.Unter Mein Konto kannst Du jederzeit einsehen, wie viele Treuepunkte Du bereits gesammelt hast. Bonuspunkte einl\u00f6sen Lege die gew\u00fcnschten [&hellip;]<\/p>\n","protected":false},"author":733,"featured_media":0,"parent":0,"menu_order":0,"comment_status":"closed","ping_status":"closed","template":"","meta":{"footnotes":""},"class_list":["post-108193","page","type-page","status-publish","hentry"],"_links":{"self":[{"href":"https:\/\/dekaufmann.de\/index.php?rest_route=\/wp\/v2\/pages\/108193","targetHints":{"allow":["GET"]}}],"collection":[{"href":"https:\/\/dekaufmann.de\/index.php?rest_route=\/wp\/v2\/pages"}],"about":[{"href":"https:\/\/dekaufmann.de\/index.php?rest_route=\/wp\/v2\/types\/page"}],"author":[{"embeddable":true,"href":"https:\/\/dekaufmann.de\/index.php?rest_route=\/wp\/v2\/users\/733"}],"replies":[{"embeddable":true,"href":"https:\/\/dekaufmann.de\/index.php?rest_route=%2Fwp%2Fv2%2Fcomments&post=108193"}],"version-history":[{"count":12,"href":"https:\/\/dekaufmann.de\/index.php?rest_route=\/wp\/v2\/pages\/108193\/revisions"}],"predecessor-version":[{"id":108857,"href":"https:\/\/dekaufmann.de\/index.php?rest_route=\/wp\/v2\/pages\/108193\/revisions\/108857"}],"wp:attachment":[{"href":"https:\/\/dekaufmann.de\/index.php?rest_route=%2Fwp%2Fv2%2Fmedia&parent=108193"}],"curies":[{"name":"wp","href":"https:\/\/api.w.org\/{rel}","templated":true}]}}